{"id":495,"date":"2025-12-01T14:23:13","date_gmt":"2025-12-01T14:23:13","guid":{"rendered":"https:\/\/gab-bag.com\/accueil\/"},"modified":"2026-02-16T06:52:36","modified_gmt":"2026-02-16T06:52:36","slug":"accueil","status":"publish","type":"page","link":"https:\/\/gab-bag.com\/fr\/","title":{"rendered":"Accueil"},"content":{"rendered":"\n<div class=\"wp-block-cover alignfull has-white-color has-text-color has-link-color wp-elements-45ca00aa2243e7ca809b6f9a491cdc22\" style=\"padding-top:140px;padding-right:40px;padding-bottom:120px;padding-left:40px;min-height:383px;aspect-ratio:unset;\"><span aria-hidden=\"true\" class=\"wp-block-cover__background has-background-dim-90 has-background-dim\" style=\"background-color:#0a0a0a\"><\/span><div class=\"wp-block-cover__inner-container is-layout-flow wp-block-cover-is-layout-flow\">\n<div class=\"wp-block-group alignwide has-background is-content-justification-center is-nowrap is-layout-flex wp-container-core-group-is-layout-72550a85 wp-block-group-is-layout-flex\" style=\"background-color:#0a0a0a;min-height:2px;padding-top:0px;padding-bottom:0px\">\n<div class=\"wp-block-columns alignwide are-vertically-aligned-center gab-hero has-background is-layout-flex wp-container-core-columns-is-layout-617f51db wp-block-columns-is-layout-flex\" style=\"background-color:#0a0a0a;margin-right:var(--wp--preset--spacing--20);margin-left:var(--wp--preset--spacing--20);padding-top:0px;padding-right:0;padding-bottom:0px;padding-left:0\">\n<div class=\"wp-block-column is-layout-flow wp-block-column-is-layout-flow\" style=\"flex-basis:65%\">\n<div style=\"height:100px\" aria-hidden=\"true\" class=\"wp-block-spacer\"><\/div>\n\n\n\n<h1 class=\"wp-block-heading has-text-align-left has-white-color has-text-color\" style=\"padding-top:0px;padding-bottom:0px\">Mod\u00e8le int\u00e9gr\u00e9 GAB\/BAG<\/h1>\n\n\n\n<p class=\"has-text-color has-link-color wp-elements-e114d90d135290ca83941cb05ae9ea0c\" style=\"color:#d0d0d0;padding-top:0px;font-size:18px;line-height:1.4\">Renforcer la confiance, la tra\u00e7abilit\u00e9 et l&rsquo;excellence op\u00e9rationnelle<\/p>\n\n\n\n<div style=\"height:11px\" aria-hidden=\"true\" class=\"wp-block-spacer\"><\/div>\n\n\n\n<p class=\"has-white-color has-text-color\">Le mod\u00e8le int\u00e9gr\u00e9 GAB\/BAG est un cadre ax\u00e9 sur la recherche qui int\u00e8gre l&rsquo;IA g\u00e9n\u00e9rative (GAB) avec l&rsquo;assurance et la gouvernance bas\u00e9es sur la blockchain (BAG) pour renforcer l&rsquo;efficacit\u00e9 op\u00e9rationnelle, am\u00e9liorer la tra\u00e7abilit\u00e9 et renforcer la gestion des risques tout au long de la cha\u00eene de valeur bancaire.<\/p>\n\n\n\n<p>Cette page pr\u00e9sente les fondements conceptuels, le positionnement acad\u00e9mique et les implications pratiques du mod\u00e8le int\u00e9gr\u00e9 GAB\/BAG en tant que cadre de travail pour la recherche.<\/p>\n\n\n\n<div style=\"height:16px\" aria-hidden=\"true\" class=\"wp-block-spacer\"><\/div>\n\n\n\n<div class=\"wp-block-buttons is-content-justification-left is-layout-flex wp-container-core-buttons-is-layout-fc4fd283 wp-block-buttons-is-layout-flex\">\n<div class=\"wp-block-button\"><a class=\"wp-block-button__link has-black-color has-text-color has-background has-link-color has-custom-font-size wp-element-button\" href=\"#model\" style=\"border-top-left-radius:999px;border-top-right-radius:999px;border-bottom-left-radius:999px;border-bottom-right-radius:999px;background-color:#dcc88b;padding-top:12px;padding-right:32px;padding-bottom:12px;padding-left:32px;box-shadow:var(--wp--preset--shadow--natural);font-size:16px;letter-spacing:0.5px\">Explorez le mod\u00e8le<\/a><\/div>\n<\/div>\n<\/div>\n<\/div>\n<\/div>\n\n\n\n<div style=\"height:40px\" aria-hidden=\"true\" class=\"wp-block-spacer\"><\/div>\n\n\n\n<figure class=\"wp-block-image size-full is-resized\"><img loading=\"lazy\" decoding=\"async\" width=\"442\" height=\"437\" src=\"https:\/\/gab-bag.com\/wp-content\/uploads\/2025\/12\/cropped-cropped-B59AA304-A6FC-4F0B-9143-228700EDF98C.png\" alt=\"Mod\u00e8le int\u00e9gr\u00e9 GAB\/BAG\" class=\"wp-image-100\" style=\"object-fit:cover;width:1px;height:1px\" srcset=\"https:\/\/gab-bag.com\/wp-content\/uploads\/2025\/12\/cropped-cropped-B59AA304-A6FC-4F0B-9143-228700EDF98C.png 442w, https:\/\/gab-bag.com\/wp-content\/uploads\/2025\/12\/cropped-cropped-B59AA304-A6FC-4F0B-9143-228700EDF98C-300x297.png 300w, https:\/\/gab-bag.com\/wp-content\/uploads\/2025\/12\/cropped-cropped-B59AA304-A6FC-4F0B-9143-228700EDF98C-18x18.png 18w\" sizes=\"auto, (max-width: 442px) 100vw, 442px\" \/><\/figure>\n<\/div><\/div>\n\n\n\n<div id=\"model\" class=\"wp-block-group has-ast-global-color-2-background-color has-background is-layout-constrained wp-container-core-group-is-layout-36f3f318 wp-block-group-is-layout-constrained\" style=\"padding-top:60px;padding-right:40px;padding-bottom:60px;padding-left:40px\">\n<h2 class=\"wp-block-heading has-text-align-center\">\u00c9tat de la recherche<\/h2>\n\n\n\n<p><em>Le mod\u00e8le int\u00e9gr\u00e9 GAB\/BAG est actuellement d\u00e9velopp\u00e9 en tant que cadre de recherche conceptuel et architectural ax\u00e9 sur la tra\u00e7abilit\u00e9 des d\u00e9cisions et la gouvernance dans le secteur bancaire priv\u00e9.<\/em><\/p>\n\n\n\n<p><em>La validation empirique et les projets pilotes appliqu\u00e9s constituent des phases de recherche ult\u00e9rieures.<\/em><\/p>\n\n\n\n<div class=\"wp-block-buttons is-layout-flex wp-block-buttons-is-layout-flex\">\n<div class=\"wp-block-button\"><a class=\"wp-block-button__link has-custom-font-size wp-element-button\" href=\"https:\/\/gab-bag.com\/fr\/cadre-de-recherche\/\" style=\"border-top-left-radius:999px;border-top-right-radius:999px;border-bottom-left-radius:999px;border-bottom-right-radius:999px;padding-top:12px;padding-right:32px;padding-bottom:12px;padding-left:32px;font-size:16px;letter-spacing:0.5px\">Explorer le cadre de la recherche<\/a><\/div>\n<\/div>\n\n\n\n<h2 class=\"wp-block-heading has-text-align-center has-ast-global-color-2-background-color has-text-color has-background has-link-color wp-elements-6001691619f1f1713d7698bc69166bfd\" style=\"color:#0a1a2f;padding-top:48px;padding-right:0;padding-bottom:16px;padding-left:0\">Qu&rsquo;est-ce que le mod\u00e8le int\u00e9gr\u00e9 GAB\/BAG ?<\/h2>\n\n\n\n<p class=\"has-ast-global-color-2-background-color has-text-color has-background has-link-color wp-elements-bb794944abf90bcd0bffcd646d567937\" style=\"color:#0a1a2f\">Le mod\u00e8le int\u00e9gr\u00e9 GAB\/DAB est un cadre \u00e0 deux niveaux fond\u00e9 sur la recherche et con\u00e7u pour am\u00e9liorer la fiabilit\u00e9 op\u00e9rationnelle, l&rsquo;efficacit\u00e9, la tra\u00e7abilit\u00e9 et l&rsquo;auditabilit\u00e9 des processus bancaires de bout en bout. Il combine :   <\/p>\n\n\n\n<ul style=\"padding-right:var(--wp--preset--spacing--80);padding-left:var(--wp--preset--spacing--80)\" class=\"wp-block-list\">\n<li style=\"padding-bottom:var(--wp--preset--spacing--50);padding-left:0\">GAB &#8211; Generative AI for Banking : automatisation des flux de travail, d\u00e9tection des exceptions, extraction de connaissances, surveillance des risques.<\/li>\n\n\n\n<li style=\"padding-bottom:var(--wp--preset--spacing--50);padding-left:0\">BAG &#8211; Blockchain for Assurance &amp; Governance : preuves immuables, journaux pr\u00eats \u00e0 \u00eatre audit\u00e9s, transparence, r\u00e9silience op\u00e9rationnelle.<\/li>\n<\/ul>\n\n\n\n<figure class=\"wp-block-image aligncenter size-large\"><img loading=\"lazy\" decoding=\"async\" width=\"1024\" height=\"683\" src=\"https:\/\/gab-bag.com\/wp-content\/uploads\/2025\/12\/53B3B8E9-71A0-43BD-B606-17BBBBA016E1-1-1024x683.png\" alt=\"\" class=\"wp-image-135\" srcset=\"https:\/\/gab-bag.com\/wp-content\/uploads\/2025\/12\/53B3B8E9-71A0-43BD-B606-17BBBBA016E1-1-1024x683.png 1024w, https:\/\/gab-bag.com\/wp-content\/uploads\/2025\/12\/53B3B8E9-71A0-43BD-B606-17BBBBA016E1-1-300x200.png 300w, https:\/\/gab-bag.com\/wp-content\/uploads\/2025\/12\/53B3B8E9-71A0-43BD-B606-17BBBBA016E1-1-768x512.png 768w, https:\/\/gab-bag.com\/wp-content\/uploads\/2025\/12\/53B3B8E9-71A0-43BD-B606-17BBBBA016E1-1.png 1536w\" sizes=\"auto, (max-width: 1024px) 100vw, 1024px\" \/><\/figure>\n<\/div>\n\n\n\n<div class=\"wp-block-group has-ast-global-color-2-background-color has-text-color has-background has-link-color wp-elements-2b41ad92155695a9c3dadd248b1256d2 is-layout-constrained wp-container-core-group-is-layout-36f3f318 wp-block-group-is-layout-constrained\" style=\"color:#0a1a2f;padding-top:60px;padding-right:40px;padding-bottom:60px;padding-left:40px\">\n<div class=\"wp-block-columns is-layout-flex wp-container-core-columns-is-layout-219efe12 wp-block-columns-is-layout-flex\" style=\"padding-top:48px;padding-right:20px;padding-bottom:16px;padding-left:20px\">\n<div class=\"wp-block-column is-layout-constrained wp-container-core-column-is-layout-9e9f3ad2 wp-block-column-is-layout-constrained\" style=\"padding-top:0;padding-right:0;padding-bottom:0;padding-left:0\" id=\"GAB\">\n<h2 class=\"wp-block-heading\" style=\"padding-top:0;padding-bottom:var(--wp--preset--spacing--50)\">GAB &#8211; Generative AI for Banking (IA g\u00e9n\u00e9rative pour les banques)<\/h2>\n\n\n\n<p>GAB utilise des composants d&rsquo;IA structur\u00e9s pour analyser les flux de travail, d\u00e9tecter les anomalies, automatiser les t\u00e2ches r\u00e9p\u00e9titives, extraire des connaissances et renforcer l&rsquo;efficacit\u00e9 op\u00e9rationnelle dans les activit\u00e9s bancaires de front \u00e0 back.<\/p>\n\n\n\n<ul class=\"wp-block-list\">\n<li>Automatisation des processus<\/li>\n\n\n\n<li>D\u00e9tection des erreurs et des anomalies<\/li>\n\n\n\n<li>Extraction de connaissances<\/li>\n\n\n\n<li>Suivi du risque op\u00e9rationnel<\/li>\n\n\n\n<li>Aide \u00e0 la d\u00e9cision<\/li>\n<\/ul>\n<\/div>\n\n\n\n<div class=\"wp-block-column is-layout-flow wp-container-core-column-is-layout-f016c79b wp-block-column-is-layout-flow\" style=\"padding-top:0;padding-right:0;padding-bottom:0;padding-left:0\" id=\"BAG\">\n<h2 class=\"wp-block-heading\" style=\"padding-bottom:var(--wp--preset--spacing--40)\"><strong>BAG &#8211; Blockchain Assurance &amp; Governance<\/strong><\/h2>\n\n\n\n<p style=\"padding-top:var(--wp--preset--spacing--20);padding-bottom:var(--wp--preset--spacing--50)\">Les BAG fournissent des preuves immuables et pr\u00eates \u00e0 \u00eatre v\u00e9rifi\u00e9es tout au long de la cha\u00eene de valeur op\u00e9rationnelle, am\u00e9liorant ainsi la transparence, la conformit\u00e9 et la r\u00e9silience.<\/p>\n\n\n\n<ul class=\"wp-block-list\">\n<li>Journaux d&rsquo;audit immuables<\/li>\n\n\n\n<li>Tra\u00e7abilit\u00e9 en temps r\u00e9el<\/li>\n\n\n\n<li>Alignement r\u00e9glementaire<\/li>\n\n\n\n<li>Int\u00e9grit\u00e9 des preuves<\/li>\n\n\n\n<li>R\u00e9silience op\u00e9rationnelle<\/li>\n<\/ul>\n<\/div>\n<\/div>\n<\/div>\n\n\n\n<div class=\"wp-block-group has-ast-global-color-2-background-color has-text-color has-background has-link-color wp-elements-7d6db04eaca450869d6cbe15e256336a is-layout-constrained wp-container-core-group-is-layout-36f3f318 wp-block-group-is-layout-constrained\" style=\"color:#0a1a2f;padding-top:60px;padding-right:40px;padding-bottom:60px;padding-left:40px\">\n<h2 class=\"wp-block-heading\" id=\"research\">M\u00e9thodologie et conception de la recherche<\/h2>\n\n\n\n<p>Cette recherche adopte une <strong>m\u00e9thodologie qualitative et conceptuelle fond\u00e9e sur la science de la conception et<\/strong> ax\u00e9e sur la gouvernance, la tra\u00e7abilit\u00e9 des d\u00e9cisions et la responsabilit\u00e9 op\u00e9rationnelle dans le secteur bancaire priv\u00e9 suisse. L&rsquo;\u00e9tude est de nature exploratoire et vise \u00e0 d\u00e9velopper et \u00e0 structurer le <strong>mod\u00e8le int\u00e9gr\u00e9 GAB\/BAG<\/strong> en tant que cadre de gouvernance au niveau m\u00e9ta plut\u00f4t qu&rsquo;\u00e0 tester des hypoth\u00e8ses pr\u00e9d\u00e9finies. La conception de la recherche combine la construction d&rsquo;un mod\u00e8le conceptuel, l&rsquo;analyse r\u00e9glementaire et institutionnelle et la pens\u00e9e syst\u00e9mique ax\u00e9e sur les processus, ce qui permet d&rsquo;aligner progressivement la th\u00e9orie acad\u00e9mique, les attentes en mati\u00e8re de surveillance et les op\u00e9rations bancaires r\u00e9elles sans d\u00e9pendre de donn\u00e9es sp\u00e9cifiques \u00e0 l&rsquo;institution ou de syst\u00e8mes exclusifs.  <\/p>\n\n\n\n<p>L&rsquo;approche analytique est bas\u00e9e sur une cartographie conceptuelle structur\u00e9e et une analyse de tra\u00e7abilit\u00e9, s&rsquo;appuyant sur la litt\u00e9rature acad\u00e9mique \u00e9valu\u00e9e par les pairs, les normes r\u00e9glementaires et les observations professionnelles anonymes. La validation est effectu\u00e9e par le biais de la coh\u00e9rence th\u00e9orique, de la coh\u00e9rence r\u00e9glementaire et de la robustesse fonctionnelle \u00e0 travers de multiples sc\u00e9narios op\u00e9rationnels, conform\u00e9ment \u00e0 la recherche de niveau doctoral en gestion et en gouvernance appliqu\u00e9e. La m\u00e9thodologie privil\u00e9gie intentionnellement la profondeur conceptuelle \u00e0 la g\u00e9n\u00e9ralisation empirique, garantissant ainsi la conformit\u00e9 \u00e9thique, la neutralit\u00e9 institutionnelle et la pr\u00e9servation de l&rsquo;originalit\u00e9 et de la propri\u00e9t\u00e9 intellectuelle du mod\u00e8le.  <\/p>\n<\/div>\n\n\n\n<div id=\"WORKING\" class=\"wp-block-group has-ast-global-color-2-background-color has-text-color has-background has-link-color wp-elements-449b1284813c32a442cad1ca0f15ff13 is-layout-constrained wp-container-core-group-is-layout-36f3f318 wp-block-group-is-layout-constrained\" style=\"color:#0a1a2f;padding-top:60px;padding-right:40px;padding-bottom:60px;padding-left:40px\">\n<h2 class=\"wp-block-heading\" style=\"padding-top:48px;padding-bottom:16px;font-style:normal;font-weight:600\">Document de travail (2025) &#8211; version 1.3<\/h2>\n\n\n\n<p class=\"has-text-color has-link-color wp-elements-560067fc7946fefc7f2bc9b7c16252a7\" style=\"color:#444444\">Un cadre int\u00e9gr\u00e9 de gouvernance IA-Blockchain pour la r\u00e9silience op\u00e9rationnelle dans la banque priv\u00e9e.<\/p>\n\n\n\n<p class=\"has-text-color has-link-color has-small-font-size wp-elements-c22b5e372655b9dde6da77c9460944f8\" style=\"color:#444444\">Ce document de travail pr\u00e9sente un cadre de recherche conceptuel, bas\u00e9 sur la pratique, d\u00e9velopp\u00e9 dans le cadre d&rsquo;un doctorat ex\u00e9cutif en administration des affaires (DBA).<\/p>\n\n\n\n<p>La version 1.3 introduit des ajustements mineurs au niveau de la r\u00e9daction et du positionnement acad\u00e9mique, align\u00e9s sur une trajectoire de recherche DBA bas\u00e9e sur la pratique. Le cadre conceptuel reste inchang\u00e9.<\/p>\n\n\n\n<p class=\"has-text-color has-link-color has-small-font-size wp-elements-61415fd254ddcdc4ffa3873d7b6b362f\" style=\"color:#444444\">Le document est partag\u00e9 en vue d&rsquo;une diffusion acad\u00e9mique et d&rsquo;un retour d&rsquo;information scientifique. La validation empirique, l&rsquo;op\u00e9rationnalisation et les d\u00e9tails de la mise en \u0153uvre sont intentionnellement exclus \u00e0 ce stade et r\u00e9serv\u00e9s \u00e0 une recherche doctorale ult\u00e9rieure.<\/p>\n\n\n\n<div class=\"wp-block-columns is-layout-flex wp-container-core-columns-is-layout-28f84493 wp-block-columns-is-layout-flex\">\n<div class=\"wp-block-column is-layout-flow wp-block-column-is-layout-flow\" style=\"flex-basis:33.34%\">\n<div class=\"wp-block-buttons is-layout-flex wp-block-buttons-is-layout-flex\">\n<div class=\"wp-block-button is-style-fill\"><a class=\"wp-block-button__link has-custom-font-size wp-element-button\" href=\"https:\/\/gab-bag.com\/wp-content\/uploads\/2025\/12\/GAB_BAG_Conceptual_Model_Working_Paper_2025_Racordon_v1.3.pdf\" style=\"border-top-left-radius:999px;border-top-right-radius:999px;border-bottom-left-radius:999px;border-bottom-right-radius:999px;padding-top:12px;padding-right:32px;padding-bottom:12px;padding-left:32px;font-size:16px;letter-spacing:0.5px\">T\u00e9l\u00e9charger le PDF<\/a><\/div>\n<\/div>\n<\/div>\n\n\n\n<div class=\"wp-block-column is-layout-flow wp-block-column-is-layout-flow\" style=\"flex-basis:33.34%\">\n<div class=\"wp-block-buttons is-layout-flex wp-block-buttons-is-layout-flex\">\n<div class=\"wp-block-button\"><a class=\"wp-block-button__link has-background has-custom-font-size wp-element-button\" href=\"https:\/\/papers.ssrn.com\/sol3\/papers.cfm?abstract_id=5826502\" style=\"border-top-left-radius:999px;border-top-right-radius:999px;border-bottom-left-radius:999px;border-bottom-right-radius:999px;background-color:#444444;padding-top:12px;padding-right:32px;padding-bottom:12px;padding-left:32px;font-size:16px;letter-spacing:0.5px\" target=\"_blank\" rel=\"noopener\">Voir sur SSRN<\/a><\/div>\n<\/div>\n<\/div>\n\n\n\n<div class=\"wp-block-column is-layout-flow wp-block-column-is-layout-flow\" style=\"flex-basis:33.33%\">\n<div class=\"wp-block-buttons is-layout-flex wp-block-buttons-is-layout-flex\">\n<div class=\"wp-block-button\"><a class=\"wp-block-button__link has-background has-custom-font-size wp-element-button\" href=\"https:\/\/zenodo.org\/records\/17952004\" style=\"border-top-left-radius:999px;border-top-right-radius:999px;border-bottom-left-radius:999px;border-bottom-right-radius:999px;background-color:#444444;padding-top:12px;padding-right:32px;padding-bottom:12px;padding-left:32px;font-size:16px;letter-spacing:0px\" target=\"_blank\" rel=\"noopener\">Voir sur Zenodo (DOI)<\/a><\/div>\n<\/div>\n<\/div>\n<\/div>\n<\/div>\n\n\n\n<div id=\"WHY\" class=\"wp-block-group has-ast-global-color-2-background-color has-background is-layout-constrained wp-container-core-group-is-layout-36f3f318 wp-block-group-is-layout-constrained\" style=\"padding-top:60px;padding-right:40px;padding-bottom:60px;padding-left:40px\">\n<h2 class=\"wp-block-heading\" id=\"pourquoi\" style=\"padding-top:48px;padding-bottom:16px\">pourquoi le mod\u00e8le GAB\/BAG est important<\/h2>\n\n\n\n<p class=\"has-text-color has-link-color wp-elements-11ecb42705b73d80fd1b8748288d031d\" id=\"why\" style=\"color:#0a1a2f\">Le mod\u00e8le int\u00e9gr\u00e9 GAB\/BAG r\u00e9pond \u00e0 un besoin croissant dans les op\u00e9rations bancaires : combiner une automatisation intelligente avec des preuves fiables et pr\u00eates \u00e0 \u00eatre audit\u00e9es. Il est con\u00e7u pour soutenir \u00e0 la fois l&rsquo;efficacit\u00e9 quotidienne et l&rsquo;assurance r\u00e9glementaire \u00e0 long terme.<\/p>\n\n\n\n<ul class=\"wp-block-list\">\n<li>Associez l&rsquo;automatisation pilot\u00e9e par l&rsquo;IA \u00e0 une gouvernance solide et \u00e0 l&rsquo;auditabilit\u00e9.<\/li>\n\n\n\n<li>R\u00e9duit le risque op\u00e9rationnel en am\u00e9liorant la tra\u00e7abilit\u00e9 des processus de amont en aval.<\/li>\n\n\n\n<li>G\u00e9n\u00e8re des preuves structur\u00e9es et r\u00e9utilisables pour les r\u00e9gulateurs, les auditeurs et le contr\u00f4le interne.<\/li>\n\n\n\n<li>Fournit un cadre soutenu par la recherche qui peut \u00eatre \u00e9tendu dans le cadre d&rsquo;un DBA\/PhD.<\/li>\n<\/ul>\n<\/div>\n\n\n\n<div id=\"capabilities\" class=\"wp-block-group has-ast-global-color-2-background-color has-background is-layout-flow wp-block-group-is-layout-flow\" style=\"padding-top:60px;padding-right:40px;padding-bottom:60px;padding-left:40px\">\n<h2 class=\"wp-block-heading has-text-align-left has-ast-global-color-2-background-color has-text-color has-background has-link-color wp-elements-434f96f439ba9cc23bd3a5fe9e5f1f06\" id=\"principales\" style=\"color:#0a1a2f;padding-top:48px;padding-right:0;padding-bottom:16px;padding-left:0\">Principales capacit\u00e9s du mod\u00e8le GAB\/BAG<\/h2>\n\n\n\n<div class=\"wp-block-columns is-layout-flex wp-container-core-columns-is-layout-28f84493 wp-block-columns-is-layout-flex\">\n<div class=\"wp-block-column is-layout-flow wp-block-column-is-layout-flow\">\n<h3 class=\"wp-block-heading\">Gestion des flux de travail et des exceptions<\/h3>\n\n\n\n<p>Le GAB orchestre les flux de travail avant-arri\u00e8re, signale les anomalies et prend en charge le traitement des exceptions gr\u00e2ce \u00e0 des recommandations contextuelles.<\/p>\n\n\n\n<h3 class=\"wp-block-heading\">Extraction de connaissances<\/h3>\n\n\n\n<p>Les documents non structur\u00e9s, les courriels et les proc\u00e9dures sont transform\u00e9s en actifs de connaissance structur\u00e9s et interrogeables.<\/p>\n\n\n\n<h3 class=\"wp-block-heading\">Aper\u00e7u du risque op\u00e9rationnel<\/h3>\n\n\n\n<p>Les incidents r\u00e9currents et les faiblesses de contr\u00f4le peuvent \u00eatre d\u00e9tect\u00e9s plus t\u00f4t et document\u00e9s de mani\u00e8re coh\u00e9rente au sein des \u00e9quipes.<\/p>\n<\/div>\n\n\n\n<div class=\"wp-block-column is-layout-flow wp-block-column-is-layout-flow\">\n<h3 class=\"wp-block-heading\">Couche de preuves immuables<\/h3>\n\n\n\n<p>BAG enregistre les \u00e9v\u00e9nements critiques et les approbations sur un registre immuable, cr\u00e9ant ainsi des preuves pr\u00eates \u00e0 \u00eatre v\u00e9rifi\u00e9es tout au long de la cha\u00eene de valeur.<\/p>\n\n\n\n<h3 class=\"wp-block-heading\">Tra\u00e7abilit\u00e9 et transparence<\/h3>\n\n\n\n<p>Les parties prenantes peuvent savoir qui a fait quoi, quand et selon quel ensemble de r\u00e8gles, sans exposer les donn\u00e9es sensibles des clients.<\/p>\n\n\n\n<h3 class=\"wp-block-heading\">Alignement de la r\u00e9glementation et de l&rsquo;audit<\/h3>\n\n\n\n<p>Le mod\u00e8le est con\u00e7u pour \u00eatre mis en correspondance avec des cadres tels que la r\u00e9silience op\u00e9rationnelle, les syst\u00e8mes de contr\u00f4le interne et les normes d&rsquo;audit.<\/p>\n<\/div>\n<\/div>\n<\/div>\n\n\n\n<div id=\"ABOUT\" class=\"wp-block-group has-ast-global-color-2-background-color has-text-color has-background has-link-color wp-elements-bce33a81fb9410061f364b27512344f3 is-layout-constrained wp-container-core-group-is-layout-36f3f318 wp-block-group-is-layout-constrained\" style=\"color:#0a1a2f;padding-top:60px;padding-right:40px;padding-bottom:60px;padding-left:40px\">\n<h2 class=\"wp-block-heading\" id=\"A-propos\" style=\"padding-top:48px;padding-bottom:16px\">A propos de l&rsquo;auteur<\/h2>\n\n\n\n<p id=\"about\">Herv\u00e9 Racordon est un professionnel bancaire senior sp\u00e9cialis\u00e9 dans les processus op\u00e9rationnels, le contr\u00f4le interne et la coordination front-to-back. S&rsquo;appuyant sur plus de 20 ans d&rsquo;exp\u00e9rience dans la banque priv\u00e9e suisse, il d\u00e9veloppe le mod\u00e8le int\u00e9gr\u00e9 GAB\/BAG dans le cadre d&rsquo;un projet de recherche en vue d&rsquo;un futur DBA\/PhD.<\/p>\n\n\n\n<ul class=\"wp-block-list\">\n<li>Exp\u00e9rience approfondie des op\u00e9rations de banque priv\u00e9e en Suisse<\/li>\n\n\n\n<li>Focus sur l&rsquo;IA, l&rsquo;automatisation et la r\u00e9silience op\u00e9rationnelle.<\/li>\n\n\n\n<li>Cr\u00e9ateur du mod\u00e8le int\u00e9gr\u00e9 GAB\/BAG<\/li>\n\n\n\n<li>ORCID :  <code>0009-0008-9382-3191<\/code><\/li>\n<\/ul>\n<\/div>\n\n\n\n<p><\/p>\n","protected":false},"excerpt":{"rendered":"<p>\u00c9tat de la recherche Le mod\u00e8le int\u00e9gr\u00e9 GAB\/BAG est actuellement d\u00e9velopp\u00e9 en tant que cadre de recherche conceptuel et architectural [&hellip;]<\/p>\n","protected":false},"author":1,"featured_media":0,"parent":0,"menu_order":0,"comment_status":"closed","ping_status":"closed","template":"","meta":{"site-sidebar-layout":"no-sidebar","site-content-layout":"plain-container","ast-site-content-layout":"default","site-content-style":"default","site-sidebar-style":"default","ast-global-header-display":"","ast-banner-title-visibility":"","ast-main-header-display":"","ast-hfb-above-header-display":"","ast-hfb-below-header-display":"","ast-hfb-mobile-header-display":"","site-post-title":"","ast-breadcrumbs-content":"","ast-featured-img":"","footer-sml-layout":"","ast-disable-related-posts":"","theme-transparent-header-meta":"enabled","adv-header-id-meta":"","stick-header-meta":"","header-above-stick-meta":"","header-main-stick-meta":"","header-below-stick-meta":"","astra-migrate-meta-layouts":"default","ast-page-background-enabled":"default","ast-page-background-meta":{"desktop":{"background-color":"var(--ast-global-color-5)","background-image":"","background-repeat":"repeat","background-position":"center center","background-size":"auto","background-attachment":"scroll","background-type":"","background-media":"","overlay-type":"","overlay-color":"","overlay-opacity":"","overlay-gradient":""},"tablet":{"background-color":"","background-image":"","background-repeat":"repeat","background-position":"center center","background-size":"auto","background-attachment":"scroll","background-type":"","background-media":"","overlay-type":"","overlay-color":"","overlay-opacity":"","overlay-gradient":""},"mobile":{"background-color":"","background-image":"","background-repeat":"repeat","background-position":"center center","background-size":"auto","background-attachment":"scroll","background-type":"","background-media":"","overlay-type":"","overlay-color":"","overlay-opacity":"","overlay-gradient":""}},"ast-content-background-meta":{"desktop":{"background-color":"var(--ast-global-color-4)","background-image":"","background-repeat":"repeat","background-position":"center center","background-size":"auto","background-attachment":"scroll","background-type":"","background-media":"","overlay-type":"","overlay-color":"","overlay-opacity":"","overlay-gradient":""},"tablet":{"background-color":"var(--ast-global-color-4)","background-image":"","background-repeat":"repeat","background-position":"center center","background-size":"auto","background-attachment":"scroll","background-type":"","background-media":"","overlay-type":"","overlay-color":"","overlay-opacity":"","overlay-gradient":""},"mobile":{"background-color":"var(--ast-global-color-4)","background-image":"","background-repeat":"repeat","background-position":"center center","background-size":"auto","background-attachment":"scroll","background-type":"","background-media":"","overlay-type":"","overlay-color":"","overlay-opacity":"","overlay-gradient":""}},"footnotes":""},"class_list":["post-495","page","type-page","status-publish","hentry"],"_links":{"self":[{"href":"https:\/\/gab-bag.com\/fr\/wp-json\/wp\/v2\/pages\/495","targetHints":{"allow":["GET"]}}],"collection":[{"href":"https:\/\/gab-bag.com\/fr\/wp-json\/wp\/v2\/pages"}],"about":[{"href":"https:\/\/gab-bag.com\/fr\/wp-json\/wp\/v2\/types\/page"}],"author":[{"embeddable":true,"href":"https:\/\/gab-bag.com\/fr\/wp-json\/wp\/v2\/users\/1"}],"replies":[{"embeddable":true,"href":"https:\/\/gab-bag.com\/fr\/wp-json\/wp\/v2\/comments?post=495"}],"version-history":[{"count":11,"href":"https:\/\/gab-bag.com\/fr\/wp-json\/wp\/v2\/pages\/495\/revisions"}],"predecessor-version":[{"id":631,"href":"https:\/\/gab-bag.com\/fr\/wp-json\/wp\/v2\/pages\/495\/revisions\/631"}],"wp:attachment":[{"href":"https:\/\/gab-bag.com\/fr\/wp-json\/wp\/v2\/media?parent=495"}],"curies":[{"name":"wp","href":"https:\/\/api.w.org\/{rel}","templated":true}]}}