{"id":497,"date":"2026-01-10T11:27:08","date_gmt":"2026-01-10T11:27:08","guid":{"rendered":"https:\/\/gab-bag.com\/perspectives\/"},"modified":"2026-03-05T09:16:49","modified_gmt":"2026-03-05T09:16:49","slug":"perspectives","status":"publish","type":"page","link":"https:\/\/gab-bag.com\/fr\/perspectives\/","title":{"rendered":"Perspectives"},"content":{"rendered":"\n<div class=\"wp-block-group has-ast-global-color-2-background-color has-background is-layout-constrained wp-block-group-is-layout-constrained\" style=\"padding-top:60px;padding-bottom:60px\">\n<div style=\"height:40px\" aria-hidden=\"true\" class=\"wp-block-spacer\"><\/div>\n\n\n\n<div style=\"height:40px\" aria-hidden=\"true\" class=\"wp-block-spacer\"><\/div>\n\n\n\n<div style=\"height:100px\" aria-hidden=\"true\" class=\"wp-block-spacer\"><\/div>\n\n\n\n<h2 class=\"wp-block-heading\">Perspectives sur la gouvernance pilot\u00e9e par l&rsquo;IA et la tra\u00e7abilit\u00e9 des d\u00e9cisions dans le secteur de la banque priv\u00e9e<\/h2>\n\n\n\n<h3 class=\"wp-block-heading\">Introduction<\/h3>\n\n\n\n<p>Cette section pr\u00e9sente une collection de points de vue analytiques d\u00e9velopp\u00e9s dans le cadre du mod\u00e8le int\u00e9gr\u00e9 GAB\/BAG.<br\/>Plut\u00f4t que des articles d&rsquo;opinion ou des commentaires de type blog, ces contributions proposent des r\u00e9flexions structur\u00e9es sur l&rsquo;intelligence artificielle, la conception de la gouvernance, la tra\u00e7abilit\u00e9 des d\u00e9cisions et les m\u00e9canismes d&rsquo;assurance dans les environnements de la banque priv\u00e9e.<\/p>\n\n\n\n<p>Les aper\u00e7us sont destin\u00e9s \u00e0 compl\u00e9ter les r\u00e9sultats acad\u00e9miques formels tout en restant accessibles aux praticiens et aux d\u00e9cideurs.<\/p>\n\n\n\n<h3 class=\"wp-block-heading\">Objectif de l&rsquo;enqu\u00eate<\/h3>\n\n\n\n<p>L&rsquo;objectif de cette section est triple :<\/p>\n\n\n\n<ul class=\"wp-block-list\">\n<li>de clarifier les fondements conceptuels cl\u00e9s qui sous-tendent le cadre GAB\/BAG,<\/li>\n\n\n\n<li>traduire le raisonnement acad\u00e9mique en perspectives pertinentes pour la gouvernance,<\/li>\n\n\n\n<li>de documenter les questions structurelles \u00e9mergentes sans divulguer de mat\u00e9riel de recherche non publi\u00e9.<\/li>\n<\/ul>\n\n\n\n<p>Toutes les contributions suivent une structure analytique coh\u00e9rente et sont publi\u00e9es p\u00e9riodiquement.<\/p>\n\n\n\n<h3 class=\"wp-block-heading\">Types de contributions<\/h3>\n\n\n\n<h4 class=\"wp-block-heading\">Notes de recherche<\/h4>\n\n\n\n<p>De courtes notes conceptuelles et analytiques abordant des notions fondamentales telles que la gouvernance par conception, l&rsquo;explicabilit\u00e9 op\u00e9rationnelle et la responsabilit\u00e9 d\u00e9cisionnelle.<br\/>Ces notes soutiennent la r\u00e9flexion et le positionnement m\u00e9thodologique au niveau du doctorat.<\/p>\n\n\n\n<h4 class=\"wp-block-heading\">Perspectives strat\u00e9giques<\/h4>\n\n\n\n<p>Perspectives appliqu\u00e9es faisant le lien entre la recherche universitaire et la pratique de la banque priv\u00e9e.<br\/>Ces contributions se concentrent sur les implications en mati\u00e8re de gouvernance, les structures de prise de d\u00e9cision et les consid\u00e9rations relatives au risque op\u00e9rationnel.<\/p>\n\n\n\n<h4 class=\"wp-block-heading\">Analyse des tendances<\/h4>\n\n\n\n<p>Analyses cibl\u00e9es des tendances structurelles et r\u00e9glementaires affectant la gouvernance de l&rsquo;IA, les mod\u00e8les d&rsquo;assurance et la tra\u00e7abilit\u00e9 des d\u00e9cisions.<br\/>Cette section ne fournit pas de commentaires sur l&rsquo;actualit\u00e9 mais un positionnement analytique structur\u00e9.<\/p>\n\n\n\n<h4 class=\"wp-block-heading\">Working Paper Companion<\/h4>\n\n\n\n<p>Notes d&rsquo;interpr\u00e9tation et points de discussion relatifs au document de travail.<br\/>Cette section explore les extensions conceptuelles, les questions ouvertes et les orientations futures de la recherche sans reproduire les publications formelles.<\/p>\n\n\n\n<h4 class=\"wp-block-heading\">Approche \u00e9ditoriale<\/h4>\n\n\n\n<p>Tous les aper\u00e7us sont \u00e9labor\u00e9s selon les principes suivants :<\/p>\n\n\n\n<ul class=\"wp-block-list\">\n<li>un ton analytique et non promotionnel,<\/li>\n\n\n\n<li>la rigueur conceptuelle align\u00e9e sur les normes de la recherche doctorale,<\/li>\n\n\n\n<li>aucune divulgation de donn\u00e9es confidentielles, exclusives ou non publi\u00e9es,<\/li>\n\n\n\n<li>la pertinence des fonctions de gouvernance, de risque et d&rsquo;assurance.<\/li>\n<\/ul>\n\n\n\n<p>La section est intentionnellement mod\u00e9r\u00e9e et ne permet pas les commentaires publics.<\/p>\n\n\n\n<h4 class=\"wp-block-heading\">Acc\u00e8s aux r\u00e9sultats de la recherche<\/h4>\n\n\n\n<p>Pour les lecteurs int\u00e9ress\u00e9s par le cadre acad\u00e9mique formel qui sous-tend ces Insights, des documents de r\u00e9f\u00e9rence sont disponibles dans la section \u00a0\u00bb <strong>Working Paper\u00a0\u00bb<\/strong> du site web.<\/p>\n\n\n\n<h4 class=\"wp-block-heading\">Paragraphe de cl\u00f4ture<\/h4>\n\n\n\n<p>La section Insights est con\u00e7ue comme un espace de recherche vivant mais m\u00e9thodologiquement contr\u00f4l\u00e9, qui soutient le d\u00e9veloppement acad\u00e9mique continu tout en pr\u00e9servant la coh\u00e9rence conceptuelle et la pertinence professionnelle.<\/p>\n\n\n\n<h2 class=\"wp-block-heading\">Derni\u00e8res informations<\/h2>\n\n\n\n<div class=\"wp-block-query is-layout-flow wp-block-query-is-layout-flow\"><ul style=\"padding-left:0px;\" class=\"wp-block-post-template is-layout-flow wp-block-post-template-is-layout-flow\"><li class=\"wp-block-post post-555 post type-post status-publish format-standard hentry category-perspectives-strategiques\">\n<h3 style=\"padding-right:40px;padding-left:20px;padding-bottom:0px;margin-bottom:4px;\" class=\"wp-block-post-title has-medium-font-size\"><a href=\"https:\/\/gab-bag.com\/fr\/la-tracabilite-des-decisions-en-tant-quartefact-institutionnel-une-illustration-conceptuelle-du-modele-gab-bag-2\/\" target=\"_self\" >La tra\u00e7abilit\u00e9 des d\u00e9cisions en tant qu&rsquo;artefact institutionnel : une illustration conceptuelle du mod\u00e8le GAB\/BAG<\/a><\/h3>\n\n<div style=\"color:#4a4848; padding-left:40px;padding-right:40px;\" class=\"has-link-color wp-block-post-date__modified-date wp-elements-e6b75e6b1308f579f6d84c156f019c21 wp-block-post-date has-text-color has-small-font-size\"><time datetime=\"2026-03-05T09:11:35+00:00\">mars, 2026<\/time><\/div>\n<\/li><li class=\"wp-block-post post-552 post type-post status-publish format-standard hentry category-perspectives-strategiques\">\n<h3 style=\"padding-right:40px;padding-left:20px;padding-bottom:0px;margin-bottom:4px;\" class=\"wp-block-post-title has-medium-font-size\"><a href=\"https:\/\/gab-bag.com\/fr\/la-tracabilite-des-decisions-en-tant-quartefact-institutionnel-une-illustration-conceptuelle-du-modele-gab-bag\/\" target=\"_self\" >La tra\u00e7abilit\u00e9 des d\u00e9cisions en tant qu&rsquo;artefact institutionnel : une illustration conceptuelle du mod\u00e8le GAB\/BAG<\/a><\/h3>\n\n<div style=\"color:#4a4848; padding-left:40px;padding-right:40px;\" class=\"has-link-color wp-block-post-date__modified-date wp-elements-e6b75e6b1308f579f6d84c156f019c21 wp-block-post-date has-text-color has-small-font-size\"><time datetime=\"2026-03-05T09:10:42+00:00\">mars, 2026<\/time><\/div>\n<\/li><li class=\"wp-block-post post-516 post type-post status-publish format-standard hentry category-perspectives-strategiques\">\n<h3 style=\"padding-right:40px;padding-left:20px;padding-bottom:0px;margin-bottom:4px;\" class=\"wp-block-post-title has-medium-font-size\"><a href=\"https:\/\/gab-bag.com\/fr\/pourquoi-la-tracabilite-est-plus-importante-que-la-precision-dans-la-banque-privee\/\" target=\"_self\" >Pourquoi la tra\u00e7abilit\u00e9 est plus importante que la pr\u00e9cision dans la banque priv\u00e9e<\/a><\/h3>\n\n<div style=\"color:#4a4848; padding-left:40px;padding-right:40px;\" class=\"has-link-color wp-block-post-date__modified-date wp-elements-e6b75e6b1308f579f6d84c156f019c21 wp-block-post-date has-text-color has-small-font-size\"><time datetime=\"2026-01-10T16:44:09+00:00\">janvier, 2026<\/time><\/div>\n<\/li><\/ul><\/div>\n\n\n\n<div style=\"height:80px\" aria-hidden=\"true\" class=\"wp-block-spacer\"><\/div>\n<\/div>\n\n<p><\/p>\n","protected":false},"excerpt":{"rendered":"<p>Perspectives sur la gouvernance pilot\u00e9e par l&rsquo;IA et la tra\u00e7abilit\u00e9 des d\u00e9cisions dans le secteur de la banque priv\u00e9e Introduction [&hellip;]<\/p>\n","protected":false},"author":1,"featured_media":0,"parent":0,"menu_order":0,"comment_status":"closed","ping_status":"closed","template":"","meta":{"site-sidebar-layout":"default","site-content-layout":"","ast-site-content-layout":"default","site-content-style":"default","site-sidebar-style":"default","ast-global-header-display":"","ast-banner-title-visibility":"","ast-main-header-display":"","ast-hfb-above-header-display":"","ast-hfb-below-header-display":"","ast-hfb-mobile-header-display":"","site-post-title":"disabled","ast-breadcrumbs-content":"","ast-featured-img":"","footer-sml-layout":"","ast-disable-related-posts":"","theme-transparent-header-meta":"","adv-header-id-meta":"","stick-header-meta":"","header-above-stick-meta":"","header-main-stick-meta":"","header-below-stick-meta":"","astra-migrate-meta-layouts":"default","ast-page-background-enabled":"default","ast-page-background-meta":{"desktop":{"background-color":"var(--ast-global-color-5)","background-image":"","background-repeat":"repeat","background-position":"center center","background-size":"auto","background-attachment":"scroll","background-type":"","background-media":"","overlay-type":"","overlay-color":"","overlay-opacity":"","overlay-gradient":""},"tablet":{"background-color":"","background-image":"","background-repeat":"repeat","background-position":"center center","background-size":"auto","background-attachment":"scroll","background-type":"","background-media":"","overlay-type":"","overlay-color":"","overlay-opacity":"","overlay-gradient":""},"mobile":{"background-color":"","background-image":"","background-repeat":"repeat","background-position":"center center","background-size":"auto","background-attachment":"scroll","background-type":"","background-media":"","overlay-type":"","overlay-color":"","overlay-opacity":"","overlay-gradient":""}},"ast-content-background-meta":{"desktop":{"background-color":"var(--ast-global-color-4)","background-image":"","background-repeat":"repeat","background-position":"center center","background-size":"auto","background-attachment":"scroll","background-type":"","background-media":"","overlay-type":"","overlay-color":"","overlay-opacity":"","overlay-gradient":""},"tablet":{"background-color":"var(--ast-global-color-4)","background-image":"","background-repeat":"repeat","background-position":"center center","background-size":"auto","background-attachment":"scroll","background-type":"","background-media":"","overlay-type":"","overlay-color":"","overlay-opacity":"","overlay-gradient":""},"mobile":{"background-color":"var(--ast-global-color-4)","background-image":"","background-repeat":"repeat","background-position":"center center","background-size":"auto","background-attachment":"scroll","background-type":"","background-media":"","overlay-type":"","overlay-color":"","overlay-opacity":"","overlay-gradient":""}},"footnotes":""},"class_list":["post-497","page","type-page","status-publish","hentry"],"_links":{"self":[{"href":"https:\/\/gab-bag.com\/fr\/wp-json\/wp\/v2\/pages\/497","targetHints":{"allow":["GET"]}}],"collection":[{"href":"https:\/\/gab-bag.com\/fr\/wp-json\/wp\/v2\/pages"}],"about":[{"href":"https:\/\/gab-bag.com\/fr\/wp-json\/wp\/v2\/types\/page"}],"author":[{"embeddable":true,"href":"https:\/\/gab-bag.com\/fr\/wp-json\/wp\/v2\/users\/1"}],"replies":[{"embeddable":true,"href":"https:\/\/gab-bag.com\/fr\/wp-json\/wp\/v2\/comments?post=497"}],"version-history":[{"count":8,"href":"https:\/\/gab-bag.com\/fr\/wp-json\/wp\/v2\/pages\/497\/revisions"}],"predecessor-version":[{"id":646,"href":"https:\/\/gab-bag.com\/fr\/wp-json\/wp\/v2\/pages\/497\/revisions\/646"}],"wp:attachment":[{"href":"https:\/\/gab-bag.com\/fr\/wp-json\/wp\/v2\/media?parent=497"}],"curies":[{"name":"wp","href":"https:\/\/api.w.org\/{rel}","templated":true}]}}