{"id":572,"date":"2026-01-26T14:00:59","date_gmt":"2026-01-26T14:00:59","guid":{"rendered":"https:\/\/gab-bag.com\/?page_id=572"},"modified":"2026-02-16T06:44:03","modified_gmt":"2026-02-16T06:44:03","slug":"cadre-de-recherche-2","status":"publish","type":"page","link":"https:\/\/gab-bag.com\/fr\/cadre-de-recherche-2\/","title":{"rendered":"D\u00e9claration cadre"},"content":{"rendered":"\n<div class=\"wp-block-group has-ast-global-color-2-background-color has-background is-layout-constrained wp-block-group-is-layout-constrained\" style=\"padding-top:60px;padding-bottom:60px\">\n<div style=\"height:146px\" aria-hidden=\"true\" class=\"wp-block-spacer\"><\/div>\n\n\n\n<h2 class=\"wp-block-heading\"><strong>Cadre de gouvernance int\u00e9gr\u00e9 GAB\/BAG<\/strong><\/h2>\n\n\n\n<p><strong>Statut : Conceptuel, non empirique, recherche en cours<\/strong><\/p>\n\n\n\n<h2 class=\"wp-block-heading\"><strong>Objectif<\/strong><\/h2>\n\n\n\n<p>Le cadre de gouvernance int\u00e9gr\u00e9 GAB\/BAG est con\u00e7u pour r\u00e9pondre aux d\u00e9fis de gouvernance, de tra\u00e7abilit\u00e9 et de responsabilit\u00e9 d\u00e9coulant de l&rsquo;utilisation croissante de l&rsquo;aide \u00e0 la d\u00e9cision assist\u00e9e par l&rsquo;IA dans les op\u00e9rations bancaires.<\/p>\n\n\n\n<p>Son objectif premier est de fournir un cadre conceptuel structur\u00e9 permettant de s\u00e9parer la production de renseignements de la validation des d\u00e9cisions et de la gouvernance, afin de r\u00e9duire les risques op\u00e9rationnels et de renforcer la l\u00e9gitimit\u00e9 des institutions.<\/p>\n\n\n\n<h2 class=\"wp-block-heading\"><strong>Champ d&rsquo;application<\/strong><\/h2>\n\n\n\n<p>Le cadre s&rsquo;applique \u00e0 :<\/p>\n\n\n\n<ul class=\"wp-block-list\">\n<li>les op\u00e9rations bancaires et les processus de middle\/back-office,<\/li>\n\n\n\n<li>Environnements d\u00e9cisionnels assist\u00e9s par l&rsquo;IA,<\/li>\n\n\n\n<li>la gouvernance, l&rsquo;auditabilit\u00e9 et les structures de contr\u00f4le,<\/li>\n\n\n\n<li>des institutions financi\u00e8res r\u00e9glement\u00e9es soumises \u00e0 des r\u00e9gimes de surveillance stricts.<\/li>\n<\/ul>\n\n\n\n<p>Le cadre ne s&rsquo;applique pas \u00e0 tous les secteurs et s&rsquo;aligne intentionnellement sur les contextes financiers r\u00e9glement\u00e9s.<\/p>\n\n\n\n<h2 class=\"wp-block-heading\"><strong>Qu&rsquo;est-ce que le cadre ?<\/strong><\/h2>\n\n\n\n<p>Le cadre GAB\/BAG est un cadre conceptuel de gouvernance combinant :<\/p>\n\n\n\n<ul class=\"wp-block-list\">\n<li>une couche d&rsquo;intelligence g\u00e9n\u00e9rative (GAB), et<\/li>\n\n\n\n<li>une couche d&rsquo;assurance et de gouvernance (BAG),<\/li>\n<\/ul>\n\n\n\n<p>con\u00e7u pour clarifier les r\u00f4les, les responsabilit\u00e9s et les m\u00e9canismes de validation dans les flux de travail op\u00e9rationnels soutenus par l&rsquo;IA.<\/p>\n\n\n\n<h2 class=\"wp-block-heading\"><strong>Ce que le cadre n&rsquo;est pas<\/strong><\/h2>\n\n\n\n<ul class=\"wp-block-list\">\n<li>Il ne s&rsquo;agit pas d&rsquo;un logiciel.<\/li>\n\n\n\n<li>Il ne s&rsquo;agit pas d&rsquo;une m\u00e9thodologie de mise en \u0153uvre.<\/li>\n\n\n\n<li>Il ne s&rsquo;agit pas d&rsquo;une \u00e9tude empirique.<\/li>\n\n\n\n<li>Il ne revendique pas d&rsquo;am\u00e9lioration de la performance ni de r\u00e9sultats mesur\u00e9s.<\/li>\n<\/ul>\n\n\n\n<h2 class=\"wp-block-heading\"><strong>\u00c9tat de la recherche<\/strong><\/h2>\n\n\n\n<p>Le cadre est pr\u00e9sent\u00e9 dans une phase pr\u00e9-empirique.<\/p>\n\n\n\n<p>Toute exploration empirique future visera \u00e0 examiner l&rsquo;applicabilit\u00e9, les limites et les implications en mati\u00e8re de gouvernance et sera men\u00e9e s\u00e9par\u00e9ment, dans des conditions m\u00e9thodologiques et institutionnelles appropri\u00e9es.<\/p>\n\n\n\n<div style=\"height:80px\" aria-hidden=\"true\" class=\"wp-block-spacer\"><\/div>\n<\/div>\n\n<p><\/p>\n\n<p><\/p>\n\n<p><\/p>\n","protected":false},"excerpt":{"rendered":"<p>Cadre de gouvernance int\u00e9gr\u00e9 GAB\/BAG Statut : Conceptuel, non empirique, recherche en cours Objectif Le cadre de gouvernance int\u00e9gr\u00e9 GAB\/BAG [&hellip;]<\/p>\n","protected":false},"author":1,"featured_media":0,"parent":0,"menu_order":0,"comment_status":"closed","ping_status":"closed","template":"","meta":{"site-sidebar-layout":"default","site-content-layout":"","ast-site-content-layout":"default","site-content-style":"default","site-sidebar-style":"default","ast-global-header-display":"","ast-banner-title-visibility":"","ast-main-header-display":"","ast-hfb-above-header-display":"","ast-hfb-below-header-display":"","ast-hfb-mobile-header-display":"","site-post-title":"disabled","ast-breadcrumbs-content":"","ast-featured-img":"","footer-sml-layout":"","ast-disable-related-posts":"","theme-transparent-header-meta":"","adv-header-id-meta":"","stick-header-meta":"","header-above-stick-meta":"","header-main-stick-meta":"","header-below-stick-meta":"","astra-migrate-meta-layouts":"default","ast-page-background-enabled":"default","ast-page-background-meta":{"desktop":{"background-color":"var(--ast-global-color-5)","background-image":"","background-repeat":"repeat","background-position":"center center","background-size":"auto","background-attachment":"scroll","background-type":"","background-media":"","overlay-type":"","overlay-color":"","overlay-opacity":"","overlay-gradient":""},"tablet":{"background-color":"","background-image":"","background-repeat":"repeat","background-position":"center center","background-size":"auto","background-attachment":"scroll","background-type":"","background-media":"","overlay-type":"","overlay-color":"","overlay-opacity":"","overlay-gradient":""},"mobile":{"background-color":"","background-image":"","background-repeat":"repeat","background-position":"center center","background-size":"auto","background-attachment":"scroll","background-type":"","background-media":"","overlay-type":"","overlay-color":"","overlay-opacity":"","overlay-gradient":""}},"ast-content-background-meta":{"desktop":{"background-color":"var(--ast-global-color-4)","background-image":"","background-repeat":"repeat","background-position":"center center","background-size":"auto","background-attachment":"scroll","background-type":"","background-media":"","overlay-type":"","overlay-color":"","overlay-opacity":"","overlay-gradient":""},"tablet":{"background-color":"var(--ast-global-color-4)","background-image":"","background-repeat":"repeat","background-position":"center center","background-size":"auto","background-attachment":"scroll","background-type":"","background-media":"","overlay-type":"","overlay-color":"","overlay-opacity":"","overlay-gradient":""},"mobile":{"background-color":"var(--ast-global-color-4)","background-image":"","background-repeat":"repeat","background-position":"center center","background-size":"auto","background-attachment":"scroll","background-type":"","background-media":"","overlay-type":"","overlay-color":"","overlay-opacity":"","overlay-gradient":""}},"footnotes":""},"class_list":["post-572","page","type-page","status-publish","hentry"],"_links":{"self":[{"href":"https:\/\/gab-bag.com\/fr\/wp-json\/wp\/v2\/pages\/572","targetHints":{"allow":["GET"]}}],"collection":[{"href":"https:\/\/gab-bag.com\/fr\/wp-json\/wp\/v2\/pages"}],"about":[{"href":"https:\/\/gab-bag.com\/fr\/wp-json\/wp\/v2\/types\/page"}],"author":[{"embeddable":true,"href":"https:\/\/gab-bag.com\/fr\/wp-json\/wp\/v2\/users\/1"}],"replies":[{"embeddable":true,"href":"https:\/\/gab-bag.com\/fr\/wp-json\/wp\/v2\/comments?post=572"}],"version-history":[{"count":7,"href":"https:\/\/gab-bag.com\/fr\/wp-json\/wp\/v2\/pages\/572\/revisions"}],"predecessor-version":[{"id":627,"href":"https:\/\/gab-bag.com\/fr\/wp-json\/wp\/v2\/pages\/572\/revisions\/627"}],"wp:attachment":[{"href":"https:\/\/gab-bag.com\/fr\/wp-json\/wp\/v2\/media?parent=572"}],"curies":[{"name":"wp","href":"https:\/\/api.w.org\/{rel}","templated":true}]}}