{"id":581,"date":"2026-01-26T14:45:05","date_gmt":"2026-01-26T14:45:05","guid":{"rendered":"https:\/\/gab-bag.com\/?page_id=581"},"modified":"2026-01-27T10:10:05","modified_gmt":"2026-01-27T10:10:05","slug":"cadre-de-recherche-3","status":"publish","type":"page","link":"https:\/\/gab-bag.com\/fr\/cadre-de-recherche-3\/","title":{"rendered":"Cadre de gouvernance int\u00e9gr\u00e9 GAB\/BAG"},"content":{"rendered":"\n<div class=\"wp-block-group has-ast-global-color-2-background-color has-background is-layout-constrained wp-block-group-is-layout-constrained\" style=\"padding-top:60px;padding-bottom:60px\">\n<div style=\"height:146px\" aria-hidden=\"true\" class=\"wp-block-spacer\"><\/div>\n\n\n\n<h2 class=\"wp-block-heading\"><strong>Cadre de gouvernance int\u00e9gr\u00e9 GAB\/BAG<\/strong><\/h2>\n\n\n\n<p>Cadre conceptuel (pr\u00e9-empirique)<\/p>\n\n\n\n<h2 class=\"wp-block-heading\"><strong>Vue d&rsquo;ensemble<\/strong><\/h2>\n\n\n\n<p>Le cadre de gouvernance int\u00e9gr\u00e9 GAB\/BAG est un cadre conceptuel con\u00e7u pour r\u00e9pondre aux d\u00e9fis en mati\u00e8re de gouvernance, de tra\u00e7abilit\u00e9 et de responsabilit\u00e9 d\u00e9coulant de l&rsquo;utilisation croissante de l&rsquo;aide \u00e0 la d\u00e9cision assist\u00e9e par l&rsquo;IA dans les op\u00e9rations bancaires r\u00e9glement\u00e9es.<\/p>\n\n\n\n<p>Alors que les institutions financi\u00e8res s&rsquo;appuient de plus en plus sur l&rsquo;automatisation et l&rsquo;analyse avanc\u00e9e, les d\u00e9cisions op\u00e9rationnelles deviennent plus rapides mais aussi plus difficiles \u00e0 expliquer, \u00e0 auditer et \u00e0 d\u00e9fendre. Le cadre GAB\/BAG propose une logique de gouvernance structur\u00e9e qui s\u00e9pare la production de renseignements de la validation des d\u00e9cisions, dans le but de renforcer la r\u00e9silience op\u00e9rationnelle et la d\u00e9fendabilit\u00e9 institutionnelle. <\/p>\n\n\n\n<h2 class=\"wp-block-heading\"><strong>Objectif du cadre<\/strong><\/h2>\n\n\n\n<p>Le cadre vise \u00e0 soutenir la r\u00e9flexion sur la mani\u00e8re dont les banques peuvent.. :<\/p>\n\n\n\n<ul class=\"wp-block-list\">\n<li>pr\u00e9server la responsabilit\u00e9 dans les flux de travail op\u00e9rationnels assist\u00e9s par l&rsquo;IA,<\/li>\n\n\n\n<li>am\u00e9liorer la tra\u00e7abilit\u00e9 des d\u00e9cisions et des contr\u00f4les,<\/li>\n\n\n\n<li>r\u00e9duire le risque op\u00e9rationnel li\u00e9 aux processus opaques ou automatis\u00e9s,<\/li>\n\n\n\n<li>aligner les initiatives de transformation num\u00e9rique sur les attentes r\u00e9glementaires.<\/li>\n<\/ul>\n\n\n\n<p>Plut\u00f4t que de proposer une solution technologique, le cadre offre une lentille conceptuelle orient\u00e9e vers la gouvernance pour structurer les cha\u00eenes de d\u00e9cision dans des environnements complexes et r\u00e9glement\u00e9s.<\/p>\n\n\n\n<h2 class=\"wp-block-heading\"><strong>Champ d&rsquo;application et contexte<\/strong><\/h2>\n\n\n\n<p>Le cadre GAB\/BAG est intentionnellement con\u00e7u pour les institutions financi\u00e8res r\u00e9glement\u00e9es, avec un accent particulier sur les points suivants<\/p>\n\n\n\n<ul class=\"wp-block-list\">\n<li>les op\u00e9rations bancaires (middle-office et back-office),<\/li>\n\n\n\n<li>Environnements d\u00e9cisionnels assist\u00e9s par l&rsquo;IA,<\/li>\n\n\n\n<li>la gouvernance du risque op\u00e9rationnel et l&rsquo;auditabilit\u00e9,<\/li>\n\n\n\n<li>l&rsquo;alignement de la supervision et de la r\u00e9glementation.<\/li>\n<\/ul>\n\n\n\n<p>Le cadre n&rsquo;est pas con\u00e7u comme un mod\u00e8le g\u00e9n\u00e9rique d&rsquo;IA et ne s&rsquo;applique pas \u00e0 tous les secteurs. Ses hypoth\u00e8ses refl\u00e8tent des environnements soumis \u00e0 une forte surveillance r\u00e9glementaire, \u00e0 des contr\u00f4les internes et \u00e0 des exigences de responsabilit\u00e9. <\/p>\n\n\n\n<h2 class=\"wp-block-heading\"><strong>Concept de base : S\u00e9paration du renseignement et de la gouvernance<\/strong><\/h2>\n\n\n\n<p>Au c\u0153ur de ce cadre se trouve une distinction structurelle entre deux couches compl\u00e9mentaires :<\/p>\n\n\n\n<h2 class=\"wp-block-heading\"><strong>GAB &#8211; Couche d&rsquo;intelligence g\u00e9n\u00e9rative<\/strong><\/h2>\n\n\n\n<p>La couche GAB repr\u00e9sente la dimension \u00ab\u00a0intelligence\u00a0\u00bb du cadre.<\/p>\n\n\n\n<p>D&rsquo;un point de vue conceptuel, il se concentre sur l&rsquo;interpr\u00e9tation, l&rsquo;analyse et l&rsquo;aide \u00e0 la d\u00e9cision :<\/p>\n\n\n\n<ul class=\"wp-block-list\">\n<li>comprendre les informations non structur\u00e9es,<\/li>\n\n\n\n<li>g\u00e9n\u00e9rer des recommandations ou des alertes,<\/li>\n\n\n\n<li>soutenir les flux de travail op\u00e9rationnels par le raisonnement et l&rsquo;automatisation.<\/li>\n<\/ul>\n\n\n\n<h2 class=\"wp-block-heading\"><strong>BAG &#8211; Couche d&rsquo;assurance et de gouvernance<\/strong><\/h2>\n\n\n\n<p>La couche GAB ne valide ni n&rsquo;autorise les d\u00e9cisions. Son r\u00f4le est d&rsquo;assister et non de gouverner. <\/p>\n\n\n\n<p>La couche BAG repr\u00e9sente la dimension de gouvernance et de validation du cadre.<\/p>\n\n\n\n<p>Il est con\u00e7u pour garantir :<\/p>\n\n\n\n<ul class=\"wp-block-list\">\n<li>la validation des d\u00e9cisions et des actions,<\/li>\n\n\n\n<li>la tra\u00e7abilit\u00e9 et l&rsquo;auditabilit\u00e9 des \u00e9tapes op\u00e9rationnelles,<\/li>\n\n\n\n<li>l&rsquo;application des r\u00e8gles de gouvernance et de la logique de contr\u00f4le.<\/li>\n<\/ul>\n\n\n\n<p>En s\u00e9parant la gouvernance de l&rsquo;intelligence, le cadre vise \u00e0 pr\u00e9server la responsabilit\u00e9 institutionnelle m\u00eame dans des environnements hautement automatis\u00e9s.<\/p>\n\n\n\n<h2 class=\"wp-block-heading\"><strong>Architecture conceptuelle<\/strong><\/h2>\n\n\n\n<p>Le cadre GAB\/BAG est structur\u00e9 comme une architecture de gouvernance \u00e0 deux niveaux :<\/p>\n\n\n\n<ul class=\"wp-block-list\">\n<li>une couche d&rsquo;intelligence d\u00e9di\u00e9e \u00e0 l&rsquo;analyse et \u00e0 la recommandation,<\/li>\n\n\n\n<li>une couche de gouvernance consacr\u00e9e \u00e0 la validation, au contr\u00f4le et \u00e0 la tra\u00e7abilit\u00e9.<\/li>\n<\/ul>\n\n\n\n<p>Cette s\u00e9paration vise \u00e0 clarifier les r\u00f4les, les responsabilit\u00e9s et les voies d&rsquo;escalade au sein des processus op\u00e9rationnels assist\u00e9s par l&rsquo;IA, tout en maintenant l&rsquo;alignement sur les attentes en mati\u00e8re de r\u00e9glementation et d&rsquo;audit.<\/p>\n\n\n\n<div class=\"wp-block-columns is-layout-flex wp-container-core-columns-is-layout-28f84493 wp-block-columns-is-layout-flex\">\n<div class=\"wp-block-column is-layout-flow wp-block-column-is-layout-flow\">\n<div class=\"wp-block-columns is-layout-flex wp-container-core-columns-is-layout-28f84493 wp-block-columns-is-layout-flex\">\n<div class=\"wp-block-column is-layout-flow wp-block-column-is-layout-flow\">\n<div class=\"wp-block-group has-ast-global-color-7-color has-ast-global-color-3-background-color has-text-color has-background has-link-color wp-elements-04486d3c82ce2a2f8bba5f38d4bfc191 is-layout-constrained wp-block-group-is-layout-constrained\">\n<h2 class=\"wp-block-heading has-text-align-center\">GAB &#8211; Couche d&rsquo;intelligence g\u00e9n\u00e9rative<\/h2>\n\n\n\n<ul class=\"wp-block-list\">\n<li>Analyse et interpr\u00e9tation<\/li>\n\n\n\n<li>Raisonnement assist\u00e9 par l&rsquo;IA<\/li>\n\n\n\n<li>Aide \u00e0 la d\u00e9cision et recommandations<\/li>\n\n\n\n<li>Production de renseignements ne faisant pas autorit\u00e9<\/li>\n<\/ul>\n<\/div>\n\n\n\n<div class=\"wp-block-group is-layout-constrained wp-block-group-is-layout-constrained\">\n<p class=\"has-text-align-center\">S\u00e9paration conceptuelle entre la production de renseignements et la validation de la gouvernance<\/p>\n<\/div>\n\n\n\n<div class=\"wp-block-group has-ast-global-color-7-color has-cyan-bluish-gray-background-color has-text-color has-background has-link-color wp-elements-945dd850c96ee3706ebbb49f68f0080c is-layout-constrained wp-block-group-is-layout-constrained\">\n<h2 class=\"wp-block-heading has-cyan-bluish-gray-background-color has-background\">GAB &#8211; Generative pIntelligence Layer (couche d&rsquo;intelligence g\u00e9n\u00e9rative)<\/h2>\n\n\n\n<ul class=\"wp-block-list\">\n<li>Analyse et interpr\u00e9tation<\/li>\n\n\n\n<li>Aide \u00e0 la d\u00e9cision et recommandations<\/li>\n\n\n\n<li>Production de renseignements ne faisant pas autorit\u00e9<\/li>\n\n\n\n<li>Raisonnement assist\u00e9 par l&rsquo;IA<\/li>\n<\/ul>\n<\/div>\n<\/div>\n<\/div>\n<\/div>\n<\/div>\n\n\n\n<h2 class=\"wp-block-heading\"><strong>Ce qu&rsquo;est le cadre &#8211; et ce qu&rsquo;il n&rsquo;est pas<\/strong><\/h2>\n\n\n\n<h3 class=\"wp-block-heading\"><strong>Qu&rsquo;est-ce que c&rsquo;est ?  <\/strong><\/h3>\n\n\n\n<ul class=\"wp-block-list\">\n<li>Un cadre conceptuel de gouvernance<\/li>\n\n\n\n<li>Un objectif m\u00e9thodologique pour r\u00e9fl\u00e9chir aux op\u00e9rations assist\u00e9es par l&rsquo;IA<\/li>\n\n\n\n<li>Une approche structur\u00e9e de la tra\u00e7abilit\u00e9 et de la responsabilit\u00e9 des d\u00e9cisions<\/li>\n<\/ul>\n\n\n\n<h3 class=\"wp-block-heading\"><strong>Ce qu&rsquo;il n&rsquo;est pas<\/strong><\/h3>\n\n\n\n<ul class=\"wp-block-list\">\n<li>Pas un produit logiciel<\/li>\n\n\n\n<li>Pas une m\u00e9thodologie de mise en \u0153uvre<\/li>\n\n\n\n<li>Pas une offre de conseil<\/li>\n\n\n\n<li>Il ne s&rsquo;agit pas d&rsquo;une \u00e9tude empirique ou bas\u00e9e sur les performances<\/li>\n<\/ul>\n\n\n\n<p>Le cadre ne revendique pas de gains d&rsquo;efficacit\u00e9, de mesures de r\u00e9duction des risques ou de r\u00e9sultats mesurables \u00e0 ce stade.<\/p>\n\n\n\n<h2 class=\"wp-block-heading\"><strong>\u00c9tat de la recherche<\/strong><\/h2>\n\n\n\n<p>Le cadre de gouvernance int\u00e9gr\u00e9 GAB\/BAG est actuellement pr\u00e9sent\u00e9 \u00e0 un stade conceptuel et pr\u00e9-empirique.<\/p>\n\n\n\n<p>Il est partag\u00e9 pour soutenir la discussion m\u00e9thodologique et la r\u00e9flexion sur la gouvernance.<\/p>\n\n\n\n<p>Toute exploration empirique future viserait \u00e0 examiner l&rsquo;applicabilit\u00e9, les limites et les implications en mati\u00e8re de gouvernance et serait men\u00e9e s\u00e9par\u00e9ment, dans des conditions m\u00e9thodologiques et institutionnelles appropri\u00e9es.<\/p>\n\n\n\n<h2 class=\"wp-block-heading\"><strong>Clause de non-responsabilit\u00e9 et \u00e9tat de la recherche<\/strong><\/h2>\n\n\n\n<h3 class=\"wp-block-heading\">Clause de non-responsabilit\u00e9 g\u00e9n\u00e9rale<\/h3>\n\n\n\n<p>Ce cadre est pr\u00e9sent\u00e9 uniquement \u00e0 des fins de discussion conceptuelle et m\u00e9thodologique. Il ne repose pas sur des donn\u00e9es exclusives, des informations confidentielles ou des processus institutionnels internes. Aucune validation empirique ou revendication de performance n&rsquo;est faite \u00e0 ce stade.<\/p>\n\n\n\n<h3 class=\"wp-block-heading\">Avis de non-responsabilit\u00e9 en mati\u00e8re de recherche<\/h3>\n\n\n\n<p>Le cadre pr\u00e9c\u00e8de toute validation empirique. Toute exploration empirique future sera men\u00e9e de mani\u00e8re ind\u00e9pendante et soumise \u00e0 des consid\u00e9rations \u00e9thiques et institutionnelles appropri\u00e9es.<\/p>\n\n\n\n<h3 class=\"wp-block-heading\">Clause de non-responsabilit\u00e9 concernant l&rsquo;ind\u00e9pendance professionnelle<\/h3>\n\n\n\n<p>Ce travail est d\u00e9velopp\u00e9 de mani\u00e8re ind\u00e9pendante et ne repr\u00e9sente pas les opinions, les strat\u00e9gies ou les pratiques d&rsquo;un employeur ou d&rsquo;une institution financi\u00e8re.<\/p>\n\n\n\n<h3 class=\"wp-block-heading\">Clause de non-responsabilit\u00e9 non commerciale<\/h3>\n\n\n\n<p>\u00c0 ce stade, le cadre n&rsquo;est pas pr\u00e9sent\u00e9 comme un produit commercial, un service ou une offre de mise en \u0153uvre.<\/p>\n\n\n\n<h3 class=\"wp-block-heading\">Version<\/h3>\n\n\n\n<p>Cadre de gouvernance int\u00e9gr\u00e9 GAB\/BAG<\/p>\n\n\n\n<p>Version 1.0 &#8211; Conceptuelle (Pr\u00e9-empirique)<\/p>\n\n\n\n<div style=\"height:80px\" aria-hidden=\"true\" class=\"wp-block-spacer\"><\/div>\n<\/div>\n\n<div class=\"wp-block-group has-ast-global-color-2-background-color has-background is-layout-constrained wp-block-group-is-layout-constrained\" style=\"padding-top:60px;padding-bottom:60px\">\n<div style=\"height:146px\" aria-hidden=\"true\" class=\"wp-block-spacer\"><\/div>\n\n\n\n<h2 class=\"wp-block-heading\"><strong>Cadre de gouvernance int\u00e9gr\u00e9 GAB\/BAG<\/strong><\/h2>\n\n\n\n<p>Cadre conceptuel (pr\u00e9-empirique)<\/p>\n\n\n\n<h2 class=\"wp-block-heading\"><strong>Vue d&rsquo;ensemble<\/strong><\/h2>\n\n\n\n<p>Le cadre de gouvernance int\u00e9gr\u00e9 GAB\/BAG est un cadre conceptuel con\u00e7u pour r\u00e9pondre aux d\u00e9fis en mati\u00e8re de gouvernance, de tra\u00e7abilit\u00e9 et de responsabilit\u00e9 d\u00e9coulant de l&rsquo;utilisation croissante de l&rsquo;aide \u00e0 la d\u00e9cision assist\u00e9e par l&rsquo;IA dans les op\u00e9rations bancaires r\u00e9glement\u00e9es.<\/p>\n\n\n\n<p>Alors que les institutions financi\u00e8res s&rsquo;appuient de plus en plus sur l&rsquo;automatisation et l&rsquo;analyse avanc\u00e9e, les d\u00e9cisions op\u00e9rationnelles deviennent plus rapides mais aussi plus difficiles \u00e0 expliquer, \u00e0 auditer et \u00e0 d\u00e9fendre. Le cadre GAB\/BAG propose une logique de gouvernance structur\u00e9e qui s\u00e9pare la production de renseignements de la validation des d\u00e9cisions, dans le but de renforcer la r\u00e9silience op\u00e9rationnelle et la d\u00e9fendabilit\u00e9 institutionnelle. <\/p>\n\n\n\n<h2 class=\"wp-block-heading\"><strong>Objectif du cadre<\/strong><\/h2>\n\n\n\n<p>Le cadre vise \u00e0 soutenir la r\u00e9flexion sur la mani\u00e8re dont les banques peuvent.. :<\/p>\n\n\n\n<ul class=\"wp-block-list\">\n<li>pr\u00e9server la responsabilit\u00e9 dans les flux de travail op\u00e9rationnels assist\u00e9s par l&rsquo;IA,<\/li>\n\n\n\n<li>am\u00e9liorer la tra\u00e7abilit\u00e9 des d\u00e9cisions et des contr\u00f4les,<\/li>\n\n\n\n<li>r\u00e9duire le risque op\u00e9rationnel li\u00e9 aux processus opaques ou automatis\u00e9s,<\/li>\n\n\n\n<li>aligner les initiatives de transformation num\u00e9rique sur les attentes r\u00e9glementaires.<\/li>\n<\/ul>\n\n\n\n<p>Plut\u00f4t que de proposer une solution technologique, le cadre offre une lentille conceptuelle orient\u00e9e vers la gouvernance pour structurer les cha\u00eenes de d\u00e9cision dans des environnements complexes et r\u00e9glement\u00e9s.<\/p>\n\n\n\n<h2 class=\"wp-block-heading\"><strong>Champ d&rsquo;application et contexte<\/strong><\/h2>\n\n\n\n<p>Le cadre GAB\/BAG est intentionnellement con\u00e7u pour les institutions financi\u00e8res r\u00e9glement\u00e9es, avec un accent particulier sur les points suivants<\/p>\n\n\n\n<ul class=\"wp-block-list\">\n<li>les op\u00e9rations bancaires (middle-office et back-office),<\/li>\n\n\n\n<li>Environnements d\u00e9cisionnels assist\u00e9s par l&rsquo;IA,<\/li>\n\n\n\n<li>la gouvernance du risque op\u00e9rationnel et l&rsquo;auditabilit\u00e9,<\/li>\n\n\n\n<li>l&rsquo;alignement de la supervision et de la r\u00e9glementation.<\/li>\n<\/ul>\n\n\n\n<p>Le cadre n&rsquo;est pas con\u00e7u comme un mod\u00e8le g\u00e9n\u00e9rique d&rsquo;IA et ne s&rsquo;applique pas \u00e0 tous les secteurs. Ses hypoth\u00e8ses refl\u00e8tent des environnements soumis \u00e0 une forte surveillance r\u00e9glementaire, \u00e0 des contr\u00f4les internes et \u00e0 des exigences de responsabilit\u00e9. <\/p>\n\n\n\n<h2 class=\"wp-block-heading\"><strong>Concept de base : S\u00e9paration du renseignement et de la gouvernance<\/strong><\/h2>\n\n\n\n<p>Au c\u0153ur de ce cadre se trouve une distinction structurelle entre deux couches compl\u00e9mentaires :<\/p>\n\n\n\n<h2 class=\"wp-block-heading\"><strong>GAB &#8211; Couche d&rsquo;intelligence g\u00e9n\u00e9rative<\/strong><\/h2>\n\n\n\n<p>La couche GAB repr\u00e9sente la dimension \u00ab\u00a0intelligence\u00a0\u00bb du cadre.<\/p>\n\n\n\n<p>D&rsquo;un point de vue conceptuel, il se concentre sur l&rsquo;interpr\u00e9tation, l&rsquo;analyse et l&rsquo;aide \u00e0 la d\u00e9cision :<\/p>\n\n\n\n<ul class=\"wp-block-list\">\n<li>comprendre les informations non structur\u00e9es,<\/li>\n\n\n\n<li>g\u00e9n\u00e9rer des recommandations ou des alertes,<\/li>\n\n\n\n<li>soutenir les flux de travail op\u00e9rationnels par le raisonnement et l&rsquo;automatisation.<\/li>\n<\/ul>\n\n\n\n<h2 class=\"wp-block-heading\"><strong>BAG &#8211; Couche d&rsquo;assurance et de gouvernance<\/strong><\/h2>\n\n\n\n<p>La couche GAB ne valide ni n&rsquo;autorise les d\u00e9cisions. Son r\u00f4le est d&rsquo;assister et non de gouverner. <\/p>\n\n\n\n<p>La couche BAG repr\u00e9sente la dimension de gouvernance et de validation du cadre.<\/p>\n\n\n\n<p>Il est con\u00e7u pour garantir :<\/p>\n\n\n\n<ul class=\"wp-block-list\">\n<li>la validation des d\u00e9cisions et des actions,<\/li>\n\n\n\n<li>la tra\u00e7abilit\u00e9 et l&rsquo;auditabilit\u00e9 des \u00e9tapes op\u00e9rationnelles,<\/li>\n\n\n\n<li>l&rsquo;application des r\u00e8gles de gouvernance et de la logique de contr\u00f4le.<\/li>\n<\/ul>\n\n\n\n<p>En s\u00e9parant la gouvernance de l&rsquo;intelligence, le cadre vise \u00e0 pr\u00e9server la responsabilit\u00e9 institutionnelle m\u00eame dans des environnements hautement automatis\u00e9s.<\/p>\n\n\n\n<h2 class=\"wp-block-heading\"><strong>Architecture conceptuelle<\/strong><\/h2>\n\n\n\n<p>Le cadre GAB\/BAG est structur\u00e9 comme une architecture de gouvernance \u00e0 deux niveaux :<\/p>\n\n\n\n<ul class=\"wp-block-list\">\n<li>une couche d&rsquo;intelligence d\u00e9di\u00e9e \u00e0 l&rsquo;analyse et \u00e0 la recommandation,<\/li>\n\n\n\n<li>une couche de gouvernance consacr\u00e9e \u00e0 la validation, au contr\u00f4le et \u00e0 la tra\u00e7abilit\u00e9.<\/li>\n<\/ul>\n\n\n\n<p>Cette s\u00e9paration vise \u00e0 clarifier les r\u00f4les, les responsabilit\u00e9s et les voies d&rsquo;escalade au sein des processus op\u00e9rationnels assist\u00e9s par l&rsquo;IA, tout en maintenant l&rsquo;alignement sur les attentes en mati\u00e8re de r\u00e9glementation et d&rsquo;audit.<\/p>\n\n\n\n<div class=\"wp-block-columns is-layout-flex wp-container-core-columns-is-layout-28f84493 wp-block-columns-is-layout-flex\">\n<div class=\"wp-block-column is-layout-flow wp-block-column-is-layout-flow\">\n<div class=\"wp-block-columns is-layout-flex wp-container-core-columns-is-layout-28f84493 wp-block-columns-is-layout-flex\">\n<div class=\"wp-block-column is-layout-flow wp-block-column-is-layout-flow\">\n<div class=\"wp-block-group has-ast-global-color-7-color has-ast-global-color-3-background-color has-text-color has-background has-link-color wp-elements-bec9075d14c59f54e6d3c79b2625e4df is-layout-constrained wp-block-group-is-layout-constrained\">\n<h2 class=\"wp-block-heading\">GAB &#8211; Couche d&rsquo;intelligence g\u00e9n\u00e9rative<\/h2>\n\n\n\n<ul class=\"wp-block-list\">\n<li>Analyse et interpr\u00e9tation<\/li>\n\n\n\n<li>Raisonnement assist\u00e9 par l&rsquo;IA<\/li>\n\n\n\n<li>Aide \u00e0 la d\u00e9cision et recommandations<\/li>\n\n\n\n<li>Production de renseignements ne faisant pas autorit\u00e9<\/li>\n<\/ul>\n<\/div>\n<\/div>\n<\/div>\n<\/div>\n<\/div>\n\n\n\n<div class=\"wp-block-group is-layout-constrained wp-block-group-is-layout-constrained\">\n<p class=\"has-text-align-center\">S\u00e9paration conceptuelle entre la production de renseignements et la validation de la gouvernance<\/p>\n<\/div>\n\n\n\n<h2 class=\"wp-block-heading\"><strong>Ce qu&rsquo;est le cadre &#8211; et ce qu&rsquo;il n&rsquo;est pas<\/strong><\/h2>\n\n\n\n<h3 class=\"wp-block-heading\"><strong>Qu&rsquo;est-ce que c&rsquo;est ?  <\/strong><\/h3>\n\n\n\n<ul class=\"wp-block-list\">\n<li>Un cadre conceptuel de gouvernance<\/li>\n\n\n\n<li>Un objectif m\u00e9thodologique pour r\u00e9fl\u00e9chir aux op\u00e9rations assist\u00e9es par l&rsquo;IA<\/li>\n\n\n\n<li>Une approche structur\u00e9e de la tra\u00e7abilit\u00e9 et de la responsabilit\u00e9 des d\u00e9cisions<\/li>\n<\/ul>\n\n\n\n<h3 class=\"wp-block-heading\"><strong>Ce qu&rsquo;il n&rsquo;est pas<\/strong><\/h3>\n\n\n\n<ul class=\"wp-block-list\">\n<li>Pas un produit logiciel<\/li>\n\n\n\n<li>Pas une m\u00e9thodologie de mise en \u0153uvre<\/li>\n\n\n\n<li>Pas une offre de conseil<\/li>\n\n\n\n<li>Il ne s&rsquo;agit pas d&rsquo;une \u00e9tude empirique ou bas\u00e9e sur les performances<\/li>\n<\/ul>\n\n\n\n<p>Le cadre ne revendique pas de gains d&rsquo;efficacit\u00e9, de mesures de r\u00e9duction des risques ou de r\u00e9sultats mesurables \u00e0 ce stade.<\/p>\n\n\n\n<h2 class=\"wp-block-heading\"><strong>\u00c9tat de la recherche<\/strong><\/h2>\n\n\n\n<p>Le cadre de gouvernance int\u00e9gr\u00e9 GAB\/BAG est actuellement pr\u00e9sent\u00e9 \u00e0 un stade conceptuel et pr\u00e9-empirique.<\/p>\n\n\n\n<p>Il est partag\u00e9 pour soutenir la discussion m\u00e9thodologique et la r\u00e9flexion sur la gouvernance.<\/p>\n\n\n\n<p>Toute exploration empirique future viserait \u00e0 examiner l&rsquo;applicabilit\u00e9, les limites et les implications en mati\u00e8re de gouvernance et serait men\u00e9e s\u00e9par\u00e9ment, dans des conditions m\u00e9thodologiques et institutionnelles appropri\u00e9es.<\/p>\n\n\n\n<h2 class=\"wp-block-heading\"><strong>Clause de non-responsabilit\u00e9 et \u00e9tat de la recherche<\/strong><\/h2>\n\n\n\n<h3 class=\"wp-block-heading\">Clause de non-responsabilit\u00e9 g\u00e9n\u00e9rale<\/h3>\n\n\n\n<p>Ce cadre est pr\u00e9sent\u00e9 uniquement \u00e0 des fins de discussion conceptuelle et m\u00e9thodologique. Il ne repose pas sur des donn\u00e9es exclusives, des informations confidentielles ou des processus institutionnels internes. Aucune validation empirique ou revendication de performance n&rsquo;est faite \u00e0 ce stade.<\/p>\n\n\n\n<h3 class=\"wp-block-heading\">Avis de non-responsabilit\u00e9 en mati\u00e8re de recherche<\/h3>\n\n\n\n<p>Le cadre pr\u00e9c\u00e8de toute validation empirique. Toute exploration empirique future sera men\u00e9e de mani\u00e8re ind\u00e9pendante et soumise \u00e0 des consid\u00e9rations \u00e9thiques et institutionnelles appropri\u00e9es.<\/p>\n\n\n\n<h3 class=\"wp-block-heading\">Clause de non-responsabilit\u00e9 concernant l&rsquo;ind\u00e9pendance professionnelle<\/h3>\n\n\n\n<p>Ce travail est d\u00e9velopp\u00e9 de mani\u00e8re ind\u00e9pendante et ne repr\u00e9sente pas les opinions, les strat\u00e9gies ou les pratiques d&rsquo;un employeur ou d&rsquo;une institution financi\u00e8re.<\/p>\n\n\n\n<h3 class=\"wp-block-heading\">Clause de non-responsabilit\u00e9 non commerciale<\/h3>\n\n\n\n<p>\u00c0 ce stade, le cadre n&rsquo;est pas pr\u00e9sent\u00e9 comme un produit commercial, un service ou une offre de mise en \u0153uvre.<\/p>\n\n\n\n<h3 class=\"wp-block-heading\">Version<\/h3>\n\n\n\n<p>Cadre de gouvernance int\u00e9gr\u00e9 GAB\/BAG<\/p>\n\n\n\n<p>Version 1.0 &#8211; Conceptuelle (Pr\u00e9-empirique)<\/p>\n\n\n\n<div style=\"height:80px\" aria-hidden=\"true\" class=\"wp-block-spacer\"><\/div>\n<\/div>\n\n<p><\/p>\n\n<p><\/p>\n\n<p><\/p>\n","protected":false},"excerpt":{"rendered":"<p>Cadre de gouvernance int\u00e9gr\u00e9 GAB\/BAG Cadre conceptuel (pr\u00e9-empirique) Vue d&rsquo;ensemble Le cadre de gouvernance int\u00e9gr\u00e9 GAB\/BAG est un cadre conceptuel [&hellip;]<\/p>\n","protected":false},"author":1,"featured_media":0,"parent":0,"menu_order":0,"comment_status":"closed","ping_status":"closed","template":"","meta":{"site-sidebar-layout":"default","site-content-layout":"","ast-site-content-layout":"default","site-content-style":"default","site-sidebar-style":"default","ast-global-header-display":"","ast-banner-title-visibility":"","ast-main-header-display":"","ast-hfb-above-header-display":"","ast-hfb-below-header-display":"","ast-hfb-mobile-header-display":"","site-post-title":"disabled","ast-breadcrumbs-content":"","ast-featured-img":"","footer-sml-layout":"","ast-disable-related-posts":"","theme-transparent-header-meta":"","adv-header-id-meta":"","stick-header-meta":"","header-above-stick-meta":"","header-main-stick-meta":"","header-below-stick-meta":"","astra-migrate-meta-layouts":"default","ast-page-background-enabled":"default","ast-page-background-meta":{"desktop":{"background-color":"var(--ast-global-color-5)","background-image":"","background-repeat":"repeat","background-position":"center center","background-size":"auto","background-attachment":"scroll","background-type":"","background-media":"","overlay-type":"","overlay-color":"","overlay-opacity":"","overlay-gradient":""},"tablet":{"background-color":"","background-image":"","background-repeat":"repeat","background-position":"center center","background-size":"auto","background-attachment":"scroll","background-type":"","background-media":"","overlay-type":"","overlay-color":"","overlay-opacity":"","overlay-gradient":""},"mobile":{"background-color":"","background-image":"","background-repeat":"repeat","background-position":"center center","background-size":"auto","background-attachment":"scroll","background-type":"","background-media":"","overlay-type":"","overlay-color":"","overlay-opacity":"","overlay-gradient":""}},"ast-content-background-meta":{"desktop":{"background-color":"var(--ast-global-color-4)","background-image":"","background-repeat":"repeat","background-position":"center center","background-size":"auto","background-attachment":"scroll","background-type":"","background-media":"","overlay-type":"","overlay-color":"","overlay-opacity":"","overlay-gradient":""},"tablet":{"background-color":"var(--ast-global-color-4)","background-image":"","background-repeat":"repeat","background-position":"center center","background-size":"auto","background-attachment":"scroll","background-type":"","background-media":"","overlay-type":"","overlay-color":"","overlay-opacity":"","overlay-gradient":""},"mobile":{"background-color":"var(--ast-global-color-4)","background-image":"","background-repeat":"repeat","background-position":"center center","background-size":"auto","background-attachment":"scroll","background-type":"","background-media":"","overlay-type":"","overlay-color":"","overlay-opacity":"","overlay-gradient":""}},"footnotes":""},"class_list":["post-581","page","type-page","status-publish","hentry"],"_links":{"self":[{"href":"https:\/\/gab-bag.com\/fr\/wp-json\/wp\/v2\/pages\/581","targetHints":{"allow":["GET"]}}],"collection":[{"href":"https:\/\/gab-bag.com\/fr\/wp-json\/wp\/v2\/pages"}],"about":[{"href":"https:\/\/gab-bag.com\/fr\/wp-json\/wp\/v2\/types\/page"}],"author":[{"embeddable":true,"href":"https:\/\/gab-bag.com\/fr\/wp-json\/wp\/v2\/users\/1"}],"replies":[{"embeddable":true,"href":"https:\/\/gab-bag.com\/fr\/wp-json\/wp\/v2\/comments?post=581"}],"version-history":[{"count":5,"href":"https:\/\/gab-bag.com\/fr\/wp-json\/wp\/v2\/pages\/581\/revisions"}],"predecessor-version":[{"id":621,"href":"https:\/\/gab-bag.com\/fr\/wp-json\/wp\/v2\/pages\/581\/revisions\/621"}],"wp:attachment":[{"href":"https:\/\/gab-bag.com\/fr\/wp-json\/wp\/v2\/media?parent=581"}],"curies":[{"name":"wp","href":"https:\/\/api.w.org\/{rel}","templated":true}]}}